{"id":2516,"date":"2018-07-08T19:58:53","date_gmt":"2018-07-08T18:58:53","guid":{"rendered":"http:\/\/staging.pandhys.be\/?post_type=product&#038;p=2516"},"modified":"2023-02-25T21:35:31","modified_gmt":"2023-02-25T20:35:31","slug":"pandhys-cosmix-cream-mask-base-500-ml","status":"publish","type":"product","link":"https:\/\/www.pandhys.be\/fr\/produit\/pandhys-cosmix-cream-mask-base-500-ml\/","title":{"rendered":"Pandhy\u2019s&#x2122; COSMIX\u00a0 Cream Mask Base (500 ml)"},"content":{"rendered":"","protected":false},"excerpt":{"rendered":"<p id=\"tw-target-text\" class=\"tw-data-text tw-ta tw-text-small\" dir=\"ltr\" data-placeholder=\"Vertaling\"><span lang=\"fr\">L\u2019ingr\u00e9dient principal de notre masque est l\u2019argile de kaolin blanc, l\u2019argile la plus douce et la plus polyvalente. <\/span><\/p>\n<p class=\"tw-data-text tw-ta tw-text-small\" dir=\"ltr\" data-placeholder=\"Vertaling\"><span lang=\"fr\">La base de masque CosMix convient \u00e0 tous les types de peau &#8211; s\u00e8che, sensible, sujette \u00e0 l&rsquo;acn\u00e9, aux inflammations et \u00e0 la peau \u00e0 exfolier. <\/span><\/p>\n<p class=\"tw-data-text tw-ta tw-text-small\" dir=\"ltr\" data-placeholder=\"Vertaling\"><span lang=\"fr\">En m\u00e9langeant soigneusement le masque, il peut \u00eatre ajust\u00e9 pour chaque indication et donnera des r\u00e9sultats fantastiques.<\/span><\/p>\n","protected":false},"featured_media":5613,"template":"","meta":[],"product_brand":[],"product_cat":[235],"product_tag":[],"class_list":{"0":"post-2516","1":"product","2":"type-product","3":"status-publish","4":"has-post-thumbnail","6":"product_cat-bases","8":"first","9":"instock","10":"taxable","11":"shipping-taxable","12":"product-type-simple"},"yoast_head":"<!-- This site is optimized with the Yoast SEO plugin v27.1 - https:\/\/yoast.com\/product\/yoast-seo-wordpress\/ -->\n<title>Pandhy\u2019s&#x2122; COSMIX\u00a0 Cream Mask Base (500 ml) - PANDHY\u2019S\u2122 BENELUX<\/title>\n<meta name=\"robots\" content=\"index, follow, max-snippet:-1, max-image-preview:large, max-video-preview:-1\" \/>\n<link rel=\"canonical\" href=\"https:\/\/www.pandhys.be\/fr\/produit\/pandhys-cosmix-cream-mask-base-500-ml\/\" \/>\n<meta property=\"og:locale\" content=\"fr_FR\" \/>\n<meta property=\"og:type\" content=\"article\" \/>\n<meta property=\"og:title\" content=\"Pandhy\u2019s&#x2122; COSMIX\u00a0 Cream Mask Base (500 ml) - PANDHY\u2019S\u2122 BENELUX\" \/>\n<meta property=\"og:description\" content=\"L\u2019ingr\u00e9dient principal de notre masque est l\u2019argile de kaolin blanc, l\u2019argile la plus douce et la plus polyvalente.  La base de masque CosMix convient \u00e0 tous les types de peau - s\u00e8che, sensible, sujette \u00e0 l&#039;acn\u00e9, aux inflammations et \u00e0 la peau \u00e0 exfolier.  En m\u00e9langeant soigneusement le masque, il peut \u00eatre ajust\u00e9 pour chaque indication et donnera des r\u00e9sultats fantastiques.\" \/>\n<meta property=\"og:url\" content=\"https:\/\/www.pandhys.be\/fr\/produit\/pandhys-cosmix-cream-mask-base-500-ml\/\" \/>\n<meta property=\"og:site_name\" content=\"PANDHY\u2019S\u2122 BENELUX\" \/>\n<meta property=\"article:modified_time\" content=\"2023-02-25T20:35:31+00:00\" \/>\n<meta property=\"og:image\" content=\"http:\/\/www.pandhys.be\/wp-content\/uploads\/2018\/08\/cream_mask_base_prof.png\" \/>\n\t<meta property=\"og:image:width\" content=\"4000\" \/>\n\t<meta property=\"og:image:height\" content=\"2670\" \/>\n\t<meta property=\"og:image:type\" content=\"image\/png\" \/>\n<meta name=\"twitter:card\" content=\"summary_large_image\" \/>\n<script type=\"application\/ld+json\" class=\"yoast-schema-graph\">{\"@context\":\"https:\/\/schema.org\",\"@graph\":[{\"@type\":\"WebPage\",\"@id\":\"https:\/\/www.pandhys.be\/fr\/produit\/pandhys-cosmix-cream-mask-base-500-ml\/\",\"url\":\"https:\/\/www.pandhys.be\/fr\/produit\/pandhys-cosmix-cream-mask-base-500-ml\/\",\"name\":\"Pandhy\u2019s&#x2122; COSMIX\u00a0 Cream Mask Base (500 ml) - PANDHY\u2019S\u2122 BENELUX\",\"isPartOf\":{\"@id\":\"https:\/\/www.pandhys.be\/#website\"},\"primaryImageOfPage\":{\"@id\":\"https:\/\/www.pandhys.be\/fr\/produit\/pandhys-cosmix-cream-mask-base-500-ml\/#primaryimage\"},\"image\":{\"@id\":\"https:\/\/www.pandhys.be\/fr\/produit\/pandhys-cosmix-cream-mask-base-500-ml\/#primaryimage\"},\"thumbnailUrl\":\"https:\/\/www.pandhys.be\/wp-content\/uploads\/2018\/08\/cream_mask_base_prof.png\",\"datePublished\":\"2018-07-08T18:58:53+00:00\",\"dateModified\":\"2023-02-25T20:35:31+00:00\",\"breadcrumb\":{\"@id\":\"https:\/\/www.pandhys.be\/fr\/produit\/pandhys-cosmix-cream-mask-base-500-ml\/#breadcrumb\"},\"inLanguage\":\"fr-FR\",\"potentialAction\":[{\"@type\":\"ReadAction\",\"target\":[\"https:\/\/www.pandhys.be\/fr\/produit\/pandhys-cosmix-cream-mask-base-500-ml\/\"]}]},{\"@type\":\"ImageObject\",\"inLanguage\":\"fr-FR\",\"@id\":\"https:\/\/www.pandhys.be\/fr\/produit\/pandhys-cosmix-cream-mask-base-500-ml\/#primaryimage\",\"url\":\"https:\/\/www.pandhys.be\/wp-content\/uploads\/2018\/08\/cream_mask_base_prof.png\",\"contentUrl\":\"https:\/\/www.pandhys.be\/wp-content\/uploads\/2018\/08\/cream_mask_base_prof.png\",\"width\":4000,\"height\":2670},{\"@type\":\"BreadcrumbList\",\"@id\":\"https:\/\/www.pandhys.be\/fr\/produit\/pandhys-cosmix-cream-mask-base-500-ml\/#breadcrumb\",\"itemListElement\":[{\"@type\":\"ListItem\",\"position\":1,\"name\":\"Home\",\"item\":\"https:\/\/www.pandhys.be\/fr\/\"},{\"@type\":\"ListItem\",\"position\":2,\"name\":\"Winkel\",\"item\":\"https:\/\/www.pandhys.be\/winkel\/\"},{\"@type\":\"ListItem\",\"position\":3,\"name\":\"Pandhy\u2019s&#x2122; COSMIX\u00a0 Cream Mask Base (500 ml)\"}]},{\"@type\":\"WebSite\",\"@id\":\"https:\/\/www.pandhys.be\/#website\",\"url\":\"https:\/\/www.pandhys.be\/\",\"name\":\"PANDHY\u2019S\u2122 BENELUX\",\"description\":\"Groothandel in natuurcosmetica\",\"potentialAction\":[{\"@type\":\"SearchAction\",\"target\":{\"@type\":\"EntryPoint\",\"urlTemplate\":\"https:\/\/www.pandhys.be\/?s={search_term_string}\"},\"query-input\":{\"@type\":\"PropertyValueSpecification\",\"valueRequired\":true,\"valueName\":\"search_term_string\"}}],\"inLanguage\":\"fr-FR\"}]}<\/script>\n<!-- \/ Yoast SEO plugin. -->","yoast_head_json":{"title":"Pandhy\u2019s&#x2122; COSMIX\u00a0 Cream Mask Base (500 ml) - PANDHY\u2019S\u2122 BENELUX","robots":{"index":"index","follow":"follow","max-snippet":"max-snippet:-1","max-image-preview":"max-image-preview:large","max-video-preview":"max-video-preview:-1"},"canonical":"https:\/\/www.pandhys.be\/fr\/produit\/pandhys-cosmix-cream-mask-base-500-ml\/","og_locale":"fr_FR","og_type":"article","og_title":"Pandhy\u2019s&#x2122; COSMIX\u00a0 Cream Mask Base (500 ml) - PANDHY\u2019S\u2122 BENELUX","og_description":"L\u2019ingr\u00e9dient principal de notre masque est l\u2019argile de kaolin blanc, l\u2019argile la plus douce et la plus polyvalente.  La base de masque CosMix convient \u00e0 tous les types de peau - s\u00e8che, sensible, sujette \u00e0 l'acn\u00e9, aux inflammations et \u00e0 la peau \u00e0 exfolier.  En m\u00e9langeant soigneusement le masque, il peut \u00eatre ajust\u00e9 pour chaque indication et donnera des r\u00e9sultats fantastiques.","og_url":"https:\/\/www.pandhys.be\/fr\/produit\/pandhys-cosmix-cream-mask-base-500-ml\/","og_site_name":"PANDHY\u2019S\u2122 BENELUX","article_modified_time":"2023-02-25T20:35:31+00:00","og_image":[{"width":4000,"height":2670,"url":"http:\/\/www.pandhys.be\/wp-content\/uploads\/2018\/08\/cream_mask_base_prof.png","type":"image\/png"}],"twitter_card":"summary_large_image","schema":{"@context":"https:\/\/schema.org","@graph":[{"@type":"WebPage","@id":"https:\/\/www.pandhys.be\/fr\/produit\/pandhys-cosmix-cream-mask-base-500-ml\/","url":"https:\/\/www.pandhys.be\/fr\/produit\/pandhys-cosmix-cream-mask-base-500-ml\/","name":"Pandhy\u2019s&#x2122; COSMIX\u00a0 Cream Mask Base (500 ml) - PANDHY\u2019S\u2122 BENELUX","isPartOf":{"@id":"https:\/\/www.pandhys.be\/#website"},"primaryImageOfPage":{"@id":"https:\/\/www.pandhys.be\/fr\/produit\/pandhys-cosmix-cream-mask-base-500-ml\/#primaryimage"},"image":{"@id":"https:\/\/www.pandhys.be\/fr\/produit\/pandhys-cosmix-cream-mask-base-500-ml\/#primaryimage"},"thumbnailUrl":"https:\/\/www.pandhys.be\/wp-content\/uploads\/2018\/08\/cream_mask_base_prof.png","datePublished":"2018-07-08T18:58:53+00:00","dateModified":"2023-02-25T20:35:31+00:00","breadcrumb":{"@id":"https:\/\/www.pandhys.be\/fr\/produit\/pandhys-cosmix-cream-mask-base-500-ml\/#breadcrumb"},"inLanguage":"fr-FR","potentialAction":[{"@type":"ReadAction","target":["https:\/\/www.pandhys.be\/fr\/produit\/pandhys-cosmix-cream-mask-base-500-ml\/"]}]},{"@type":"ImageObject","inLanguage":"fr-FR","@id":"https:\/\/www.pandhys.be\/fr\/produit\/pandhys-cosmix-cream-mask-base-500-ml\/#primaryimage","url":"https:\/\/www.pandhys.be\/wp-content\/uploads\/2018\/08\/cream_mask_base_prof.png","contentUrl":"https:\/\/www.pandhys.be\/wp-content\/uploads\/2018\/08\/cream_mask_base_prof.png","width":4000,"height":2670},{"@type":"BreadcrumbList","@id":"https:\/\/www.pandhys.be\/fr\/produit\/pandhys-cosmix-cream-mask-base-500-ml\/#breadcrumb","itemListElement":[{"@type":"ListItem","position":1,"name":"Home","item":"https:\/\/www.pandhys.be\/fr\/"},{"@type":"ListItem","position":2,"name":"Winkel","item":"https:\/\/www.pandhys.be\/winkel\/"},{"@type":"ListItem","position":3,"name":"Pandhy\u2019s&#x2122; COSMIX\u00a0 Cream Mask Base (500 ml)"}]},{"@type":"WebSite","@id":"https:\/\/www.pandhys.be\/#website","url":"https:\/\/www.pandhys.be\/","name":"PANDHY\u2019S\u2122 BENELUX","description":"Groothandel in natuurcosmetica","potentialAction":[{"@type":"SearchAction","target":{"@type":"EntryPoint","urlTemplate":"https:\/\/www.pandhys.be\/?s={search_term_string}"},"query-input":{"@type":"PropertyValueSpecification","valueRequired":true,"valueName":"search_term_string"}}],"inLanguage":"fr-FR"}]}},"_links":{"self":[{"href":"https:\/\/www.pandhys.be\/fr\/wp-json\/wp\/v2\/product\/2516","targetHints":{"allow":["GET"]}}],"collection":[{"href":"https:\/\/www.pandhys.be\/fr\/wp-json\/wp\/v2\/product"}],"about":[{"href":"https:\/\/www.pandhys.be\/fr\/wp-json\/wp\/v2\/types\/product"}],"wp:featuredmedia":[{"embeddable":true,"href":"https:\/\/www.pandhys.be\/fr\/wp-json\/wp\/v2\/media\/5613"}],"wp:attachment":[{"href":"https:\/\/www.pandhys.be\/fr\/wp-json\/wp\/v2\/media?parent=2516"}],"wp:term":[{"taxonomy":"product_brand","embeddable":true,"href":"https:\/\/www.pandhys.be\/fr\/wp-json\/wp\/v2\/product_brand?post=2516"},{"taxonomy":"product_cat","embeddable":true,"href":"https:\/\/www.pandhys.be\/fr\/wp-json\/wp\/v2\/product_cat?post=2516"},{"taxonomy":"product_tag","embeddable":true,"href":"https:\/\/www.pandhys.be\/fr\/wp-json\/wp\/v2\/product_tag?post=2516"}],"curies":[{"name":"wp","href":"https:\/\/api.w.org\/{rel}","templated":true}]}}