{"id":1819,"date":"2016-11-15T09:55:50","date_gmt":"2016-11-15T08:55:50","guid":{"rendered":"http:\/\/staging.pandhys.be\/?post_type=product&#038;p=1819"},"modified":"2023-02-09T21:02:21","modified_gmt":"2023-02-09T20:02:21","slug":"skin-purifying-calming-lotion-500-ml","status":"publish","type":"product","link":"https:\/\/www.pandhys.be\/fr\/produit\/skin-purifying-calming-lotion-500-ml\/","title":{"rendered":"Skin Purifying &#038; Calming Lotion (500 ml)"},"content":{"rendered":"","protected":false},"excerpt":{"rendered":"<p>Le produit \u00e0 usages universels, ne convient pas seulement pour nettoyer le visage et le d\u00e9collet\u00e9 pr\u00e9c\u00e9dant un soin de beaut\u00e9 ou pour pr\u00e9parer la peau \u00e0 l\u2019\u00e9pilation, mais \u00e9galement pour enlever quotidiennement le maquillage et les impuret\u00e9s chez soi. Un autre avantage du produit est que celui-ci peut \u00eatre utilis\u00e9 pour chaque partie du corps.<\/p>\n<p>Son contenu en ur\u00e9e en fait un excellent dissolvant de graisse et en m\u00eame temps il a un effet nettoyant et hydratant. L\u2019extrait de camomille d\u00e9graisse et calme la peau, favorise l\u2019\u00e9pith\u00e9lisation et a un effet anti-inflammatoire sans contracter les pores.<\/p>\n<p>Sans parab\u00e8nes, parfum artificiel ou coloration.<\/p>\n<p>&nbsp;<\/p>\n<p>&nbsp;<\/p>\n<p><strong>CONSEIL<\/strong>\u00a0: posez un disque en ouate dans la lotion purifiante et calmante sur les yeux fatigu\u00e9s pendant 4 \u00e0 5 minutes, ensuite appliquez l\u2019huile PANDHY\u2019S&#x2122; Juvenalis Oil Blend dans une fine couche autour la r\u00e9gion de l\u2019\u0153il. Cette th\u00e9rapie r\u00e9duit rapidement les gonflements autour des yeux, att\u00e9nue les cercles et diminue les petites rides.<\/p>\n<p>&nbsp;<\/p>\n<p>&nbsp;<\/p>\n<p>&nbsp;<\/p>\n<p><strong>Ingr\u00e9dients (INCI):<\/strong><\/p>\n<p>AQUA, UREE, NANO-ARGENT, GLYCERINE, DECYL GLUCOSIDE, POLYSORBATE 20, EXTRAIT DE FLEURS CHAMOMILLA RECUTITA, D-PANTHENOL, ROSA DAMASCENA F<\/p>\n","protected":false},"featured_media":25217,"template":"","meta":[],"product_brand":[],"product_cat":[112],"product_tag":[178],"class_list":{"0":"post-1819","1":"product","2":"type-product","3":"status-publish","4":"has-post-thumbnail","6":"product_cat-pre-et-post-traitement-fr","7":"product_tag-pre-et-post-traitment","9":"first","10":"instock","11":"taxable","12":"shipping-taxable","13":"product-type-simple"},"yoast_head":"<!-- This site is optimized with the Yoast SEO plugin v27.1 - https:\/\/yoast.com\/product\/yoast-seo-wordpress\/ -->\n<title>Skin Purifying &amp; Calming Lotion (500 ml) - PANDHY\u2019S\u2122 BENELUX<\/title>\n<meta name=\"robots\" content=\"index, follow, max-snippet:-1, max-image-preview:large, max-video-preview:-1\" \/>\n<link rel=\"canonical\" href=\"https:\/\/www.pandhys.be\/product\/skin-purifying-and-calming-lotion-500-ml\/\" \/>\n<meta property=\"og:locale\" content=\"fr_FR\" \/>\n<meta property=\"og:type\" content=\"article\" \/>\n<meta property=\"og:title\" content=\"Skin Purifying &amp; Calming Lotion (500 ml) - PANDHY\u2019S\u2122 BENELUX\" \/>\n<meta property=\"og:description\" content=\"Le produit \u00e0 usages universels, ne convient pas seulement pour nettoyer le visage et le d\u00e9collet\u00e9 pr\u00e9c\u00e9dant un soin de beaut\u00e9 ou pour pr\u00e9parer la peau \u00e0 l\u2019\u00e9pilation, mais \u00e9galement pour enlever quotidiennement le maquillage et les impuret\u00e9s chez soi. Un autre avantage du produit est que celui-ci peut \u00eatre utilis\u00e9 pour chaque partie du corps.  Son contenu en ur\u00e9e en fait un excellent dissolvant de graisse et en m\u00eame temps il a un effet nettoyant et hydratant. L\u2019extrait de camomille d\u00e9graisse et calme la peau, favorise l\u2019\u00e9pith\u00e9lisation et a un effet anti-inflammatoire sans contracter les pores.  Sans parab\u00e8nes, parfum artificiel ou coloration.  &nbsp;  &nbsp;  CONSEIL\u00a0: posez un disque en ouate dans la lotion purifiante et calmante sur les yeux fatigu\u00e9s pendant 4 \u00e0 5 minutes, ensuite appliquez l\u2019huile PANDHY\u2019S&#x2122; Juvenalis Oil Blend dans une fine couche autour la r\u00e9gion de l\u2019\u0153il. Cette th\u00e9rapie r\u00e9duit rapidement les gonflements autour des yeux, att\u00e9nue les cercles et diminue les petites rides.  &nbsp;  &nbsp;  &nbsp;  Ingr\u00e9dients (INCI):  AQUA, UREE, NANO-ARGENT, GLYCERINE, DECYL GLUCOSIDE, POLYSORBATE 20, EXTRAIT DE FLEURS CHAMOMILLA RECUTITA, D-PANTHENOL, ROSA DAMASCENA F\" \/>\n<meta property=\"og:url\" content=\"https:\/\/www.pandhys.be\/product\/skin-purifying-and-calming-lotion-500-ml\/\" \/>\n<meta property=\"og:site_name\" content=\"PANDHY\u2019S\u2122 BENELUX\" \/>\n<meta property=\"article:modified_time\" content=\"2023-02-09T20:02:21+00:00\" \/>\n<meta property=\"og:image\" content=\"http:\/\/www.pandhys.be\/wp-content\/uploads\/2022\/09\/SKINPUCALMLOT_500_W.jpg\" \/>\n\t<meta property=\"og:image:width\" content=\"1000\" \/>\n\t<meta property=\"og:image:height\" content=\"1000\" \/>\n\t<meta property=\"og:image:type\" content=\"image\/jpeg\" \/>\n<meta name=\"twitter:card\" content=\"summary_large_image\" \/>\n<script type=\"application\/ld+json\" class=\"yoast-schema-graph\">{\"@context\":\"https:\/\/schema.org\",\"@graph\":[{\"@type\":\"WebPage\",\"@id\":\"https:\/\/www.pandhys.be\/product\/skin-purifying-and-calming-lotion-500-ml\/\",\"url\":\"https:\/\/www.pandhys.be\/product\/skin-purifying-and-calming-lotion-500-ml\/\",\"name\":\"Skin Purifying & Calming Lotion (500 ml) - PANDHY\u2019S\u2122 BENELUX\",\"isPartOf\":{\"@id\":\"https:\/\/www.pandhys.be\/#website\"},\"primaryImageOfPage\":{\"@id\":\"https:\/\/www.pandhys.be\/product\/skin-purifying-and-calming-lotion-500-ml\/#primaryimage\"},\"image\":{\"@id\":\"https:\/\/www.pandhys.be\/product\/skin-purifying-and-calming-lotion-500-ml\/#primaryimage\"},\"thumbnailUrl\":\"https:\/\/www.pandhys.be\/wp-content\/uploads\/2022\/09\/SKINPUCALMLOT_500_W.jpg\",\"datePublished\":\"2016-11-15T08:55:50+00:00\",\"dateModified\":\"2023-02-09T20:02:21+00:00\",\"breadcrumb\":{\"@id\":\"https:\/\/www.pandhys.be\/product\/skin-purifying-and-calming-lotion-500-ml\/#breadcrumb\"},\"inLanguage\":\"fr-FR\",\"potentialAction\":[{\"@type\":\"ReadAction\",\"target\":[\"https:\/\/www.pandhys.be\/product\/skin-purifying-and-calming-lotion-500-ml\/\"]}]},{\"@type\":\"ImageObject\",\"inLanguage\":\"fr-FR\",\"@id\":\"https:\/\/www.pandhys.be\/product\/skin-purifying-and-calming-lotion-500-ml\/#primaryimage\",\"url\":\"https:\/\/www.pandhys.be\/wp-content\/uploads\/2022\/09\/SKINPUCALMLOT_500_W.jpg\",\"contentUrl\":\"https:\/\/www.pandhys.be\/wp-content\/uploads\/2022\/09\/SKINPUCALMLOT_500_W.jpg\",\"width\":1000,\"height\":1000},{\"@type\":\"BreadcrumbList\",\"@id\":\"https:\/\/www.pandhys.be\/product\/skin-purifying-and-calming-lotion-500-ml\/#breadcrumb\",\"itemListElement\":[{\"@type\":\"ListItem\",\"position\":1,\"name\":\"Home\",\"item\":\"https:\/\/www.pandhys.be\/fr\/\"},{\"@type\":\"ListItem\",\"position\":2,\"name\":\"Winkel\",\"item\":\"https:\/\/www.pandhys.be\/winkel\/\"},{\"@type\":\"ListItem\",\"position\":3,\"name\":\"Skin Purifying &#038; Calming Lotion (500 ml)\"}]},{\"@type\":\"WebSite\",\"@id\":\"https:\/\/www.pandhys.be\/#website\",\"url\":\"https:\/\/www.pandhys.be\/\",\"name\":\"PANDHY\u2019S\u2122 BENELUX\",\"description\":\"Groothandel in natuurcosmetica\",\"potentialAction\":[{\"@type\":\"SearchAction\",\"target\":{\"@type\":\"EntryPoint\",\"urlTemplate\":\"https:\/\/www.pandhys.be\/?s={search_term_string}\"},\"query-input\":{\"@type\":\"PropertyValueSpecification\",\"valueRequired\":true,\"valueName\":\"search_term_string\"}}],\"inLanguage\":\"fr-FR\"}]}<\/script>\n<!-- \/ Yoast SEO plugin. -->","yoast_head_json":{"title":"Skin Purifying & Calming Lotion (500 ml) - PANDHY\u2019S\u2122 BENELUX","robots":{"index":"index","follow":"follow","max-snippet":"max-snippet:-1","max-image-preview":"max-image-preview:large","max-video-preview":"max-video-preview:-1"},"canonical":"https:\/\/www.pandhys.be\/product\/skin-purifying-and-calming-lotion-500-ml\/","og_locale":"fr_FR","og_type":"article","og_title":"Skin Purifying & Calming Lotion (500 ml) - PANDHY\u2019S\u2122 BENELUX","og_description":"Le produit \u00e0 usages universels, ne convient pas seulement pour nettoyer le visage et le d\u00e9collet\u00e9 pr\u00e9c\u00e9dant un soin de beaut\u00e9 ou pour pr\u00e9parer la peau \u00e0 l\u2019\u00e9pilation, mais \u00e9galement pour enlever quotidiennement le maquillage et les impuret\u00e9s chez soi. Un autre avantage du produit est que celui-ci peut \u00eatre utilis\u00e9 pour chaque partie du corps.  Son contenu en ur\u00e9e en fait un excellent dissolvant de graisse et en m\u00eame temps il a un effet nettoyant et hydratant. L\u2019extrait de camomille d\u00e9graisse et calme la peau, favorise l\u2019\u00e9pith\u00e9lisation et a un effet anti-inflammatoire sans contracter les pores.  Sans parab\u00e8nes, parfum artificiel ou coloration.  &nbsp;  &nbsp;  CONSEIL\u00a0: posez un disque en ouate dans la lotion purifiante et calmante sur les yeux fatigu\u00e9s pendant 4 \u00e0 5 minutes, ensuite appliquez l\u2019huile PANDHY\u2019S&#x2122; Juvenalis Oil Blend dans une fine couche autour la r\u00e9gion de l\u2019\u0153il. Cette th\u00e9rapie r\u00e9duit rapidement les gonflements autour des yeux, att\u00e9nue les cercles et diminue les petites rides.  &nbsp;  &nbsp;  &nbsp;  Ingr\u00e9dients (INCI):  AQUA, UREE, NANO-ARGENT, GLYCERINE, DECYL GLUCOSIDE, POLYSORBATE 20, EXTRAIT DE FLEURS CHAMOMILLA RECUTITA, D-PANTHENOL, ROSA DAMASCENA F","og_url":"https:\/\/www.pandhys.be\/product\/skin-purifying-and-calming-lotion-500-ml\/","og_site_name":"PANDHY\u2019S\u2122 BENELUX","article_modified_time":"2023-02-09T20:02:21+00:00","og_image":[{"width":1000,"height":1000,"url":"http:\/\/www.pandhys.be\/wp-content\/uploads\/2022\/09\/SKINPUCALMLOT_500_W.jpg","type":"image\/jpeg"}],"twitter_card":"summary_large_image","schema":{"@context":"https:\/\/schema.org","@graph":[{"@type":"WebPage","@id":"https:\/\/www.pandhys.be\/product\/skin-purifying-and-calming-lotion-500-ml\/","url":"https:\/\/www.pandhys.be\/product\/skin-purifying-and-calming-lotion-500-ml\/","name":"Skin Purifying & Calming Lotion (500 ml) - PANDHY\u2019S\u2122 BENELUX","isPartOf":{"@id":"https:\/\/www.pandhys.be\/#website"},"primaryImageOfPage":{"@id":"https:\/\/www.pandhys.be\/product\/skin-purifying-and-calming-lotion-500-ml\/#primaryimage"},"image":{"@id":"https:\/\/www.pandhys.be\/product\/skin-purifying-and-calming-lotion-500-ml\/#primaryimage"},"thumbnailUrl":"https:\/\/www.pandhys.be\/wp-content\/uploads\/2022\/09\/SKINPUCALMLOT_500_W.jpg","datePublished":"2016-11-15T08:55:50+00:00","dateModified":"2023-02-09T20:02:21+00:00","breadcrumb":{"@id":"https:\/\/www.pandhys.be\/product\/skin-purifying-and-calming-lotion-500-ml\/#breadcrumb"},"inLanguage":"fr-FR","potentialAction":[{"@type":"ReadAction","target":["https:\/\/www.pandhys.be\/product\/skin-purifying-and-calming-lotion-500-ml\/"]}]},{"@type":"ImageObject","inLanguage":"fr-FR","@id":"https:\/\/www.pandhys.be\/product\/skin-purifying-and-calming-lotion-500-ml\/#primaryimage","url":"https:\/\/www.pandhys.be\/wp-content\/uploads\/2022\/09\/SKINPUCALMLOT_500_W.jpg","contentUrl":"https:\/\/www.pandhys.be\/wp-content\/uploads\/2022\/09\/SKINPUCALMLOT_500_W.jpg","width":1000,"height":1000},{"@type":"BreadcrumbList","@id":"https:\/\/www.pandhys.be\/product\/skin-purifying-and-calming-lotion-500-ml\/#breadcrumb","itemListElement":[{"@type":"ListItem","position":1,"name":"Home","item":"https:\/\/www.pandhys.be\/fr\/"},{"@type":"ListItem","position":2,"name":"Winkel","item":"https:\/\/www.pandhys.be\/winkel\/"},{"@type":"ListItem","position":3,"name":"Skin Purifying &#038; Calming Lotion (500 ml)"}]},{"@type":"WebSite","@id":"https:\/\/www.pandhys.be\/#website","url":"https:\/\/www.pandhys.be\/","name":"PANDHY\u2019S\u2122 BENELUX","description":"Groothandel in natuurcosmetica","potentialAction":[{"@type":"SearchAction","target":{"@type":"EntryPoint","urlTemplate":"https:\/\/www.pandhys.be\/?s={search_term_string}"},"query-input":{"@type":"PropertyValueSpecification","valueRequired":true,"valueName":"search_term_string"}}],"inLanguage":"fr-FR"}]}},"_links":{"self":[{"href":"https:\/\/www.pandhys.be\/fr\/wp-json\/wp\/v2\/product\/1819","targetHints":{"allow":["GET"]}}],"collection":[{"href":"https:\/\/www.pandhys.be\/fr\/wp-json\/wp\/v2\/product"}],"about":[{"href":"https:\/\/www.pandhys.be\/fr\/wp-json\/wp\/v2\/types\/product"}],"wp:featuredmedia":[{"embeddable":true,"href":"https:\/\/www.pandhys.be\/fr\/wp-json\/wp\/v2\/media\/25217"}],"wp:attachment":[{"href":"https:\/\/www.pandhys.be\/fr\/wp-json\/wp\/v2\/media?parent=1819"}],"wp:term":[{"taxonomy":"product_brand","embeddable":true,"href":"https:\/\/www.pandhys.be\/fr\/wp-json\/wp\/v2\/product_brand?post=1819"},{"taxonomy":"product_cat","embeddable":true,"href":"https:\/\/www.pandhys.be\/fr\/wp-json\/wp\/v2\/product_cat?post=1819"},{"taxonomy":"product_tag","embeddable":true,"href":"https:\/\/www.pandhys.be\/fr\/wp-json\/wp\/v2\/product_tag?post=1819"}],"curies":[{"name":"wp","href":"https:\/\/api.w.org\/{rel}","templated":true}]}}