{"id":1764,"date":"2016-11-16T08:03:21","date_gmt":"2016-11-16T07:03:21","guid":{"rendered":"http:\/\/staging.pandhys.be\/?post_type=product&#038;p=1764"},"modified":"2025-10-16T00:00:20","modified_gmt":"2025-10-15T23:00:20","slug":"purifying-foam-powder-for-oily-trouble-skin-70-g-2","status":"publish","type":"product","link":"https:\/\/www.pandhys.be\/fr\/produit\/purifying-foam-powder-for-oily-trouble-skin-70-g-2\/","title":{"rendered":"Purifying Foam-Powder for oily &#038; trouble skin (70 g)"},"content":{"rendered":"","protected":false},"excerpt":{"rendered":"<p>Une poudre enzymatique nettoyante pour les peaux \u00e0 probl\u00e8mes et \u00e0 tendance grasse. Sa formule contr\u00f4le la production excessive de s\u00e9bum, att\u00e9nue les points noirs visibles et l\u2019acn\u00e9 en \u00e9liminant les impuret\u00e9s.<\/p>\n<p>Particuli\u00e8rement conseill\u00e9e aux jeunes pour un nettoyage quotidien du visage.<\/p>\n<p>&nbsp;<\/p>\n<p>Appliquez une petite quantit\u00e9 de poudre sur la paume de votre main humide et massez la mousse cr\u00e9meuse en formant des cercles sur le visage. Pour un nettoyage encore plus intense et pour une sensation agr\u00e9able, vous pouvez utiliser le pad nettoyant de massage de PANDHY\u2019S&#x2122;. Ce pad de massage vous procurera un effet de gommage. Pour les peaux qui souffrent d\u2019acn\u00e9, il est conseill\u00e9 de laisser reposer le nettoyant pendant quelques minutes avant de rincer \u00e0 l\u2019eau froide (le matin) et\/ou \u00e0 l\u2019eau chaude (le soir)<\/p>\n<p>&nbsp;<\/p>\n<p>ingr\u00e9dients (INCI) :<\/p>\n<p>SORBITOL, AMIDON D\u2019ORYZA SATIVA, SODIUM LAUROYL GLUTAMATE, MALTODEXTRINE, ACIDE SALICYLIQUE, EXTRAIT DE PAPAYE, EXTRAIT D\u2019ANANAS, PAPA\u00cfNE<\/p>\n","protected":false},"featured_media":25460,"template":"","meta":[],"product_brand":[],"product_cat":[231],"product_tag":[163],"class_list":{"0":"post-1764","1":"product","2":"type-product","3":"status-publish","4":"has-post-thumbnail","6":"product_cat-produits-de-soins","7":"product_tag-spa-specialiteiten-fr","9":"first","10":"instock","11":"taxable","12":"shipping-taxable","13":"product-type-simple"},"yoast_head":"<!-- This site is optimized with the Yoast SEO plugin v27.1 - https:\/\/yoast.com\/product\/yoast-seo-wordpress\/ -->\n<title>Purifying Foam-Powder for oily &amp; trouble skin (70 g) - PANDHY\u2019S\u2122 BENELUX<\/title>\n<meta name=\"robots\" content=\"index, follow, max-snippet:-1, max-image-preview:large, max-video-preview:-1\" \/>\n<link rel=\"canonical\" href=\"https:\/\/www.pandhys.be\/produit\/purifying-foam-powder-for-oily-trouble-skin-70-gpurifying-foam-powder-for-oily-trouble-skin-70-g\/\" \/>\n<meta property=\"og:locale\" content=\"fr_FR\" \/>\n<meta property=\"og:type\" content=\"article\" \/>\n<meta property=\"og:title\" content=\"Purifying Foam-Powder for oily &amp; trouble skin (70 g) - PANDHY\u2019S\u2122 BENELUX\" \/>\n<meta property=\"og:description\" content=\"Une poudre enzymatique nettoyante pour les peaux \u00e0 probl\u00e8mes et \u00e0 tendance grasse. Sa formule contr\u00f4le la production excessive de s\u00e9bum, att\u00e9nue les points noirs visibles et l\u2019acn\u00e9 en \u00e9liminant les impuret\u00e9s.  Particuli\u00e8rement conseill\u00e9e aux jeunes pour un nettoyage quotidien du visage.  &nbsp;  Appliquez une petite quantit\u00e9 de poudre sur la paume de votre main humide et massez la mousse cr\u00e9meuse en formant des cercles sur le visage. Pour un nettoyage encore plus intense et pour une sensation agr\u00e9able, vous pouvez utiliser le pad nettoyant de massage de PANDHY\u2019S&#x2122;. Ce pad de massage vous procurera un effet de gommage. Pour les peaux qui souffrent d\u2019acn\u00e9, il est conseill\u00e9 de laisser reposer le nettoyant pendant quelques minutes avant de rincer \u00e0 l\u2019eau froide (le matin) et\/ou \u00e0 l\u2019eau chaude (le soir)  &nbsp;  ingr\u00e9dients (INCI) :  SORBITOL, AMIDON D\u2019ORYZA SATIVA, SODIUM LAUROYL GLUTAMATE, MALTODEXTRINE, ACIDE SALICYLIQUE, EXTRAIT DE PAPAYE, EXTRAIT D\u2019ANANAS, PAPA\u00cfNE\" \/>\n<meta property=\"og:url\" content=\"https:\/\/www.pandhys.be\/produit\/purifying-foam-powder-for-oily-trouble-skin-70-gpurifying-foam-powder-for-oily-trouble-skin-70-g\/\" \/>\n<meta property=\"og:site_name\" content=\"PANDHY\u2019S\u2122 BENELUX\" \/>\n<meta property=\"article:modified_time\" content=\"2025-10-15T23:00:20+00:00\" \/>\n<meta property=\"og:image\" content=\"http:\/\/www.pandhys.be\/wp-content\/uploads\/2016\/11\/Foam_Powder_Oily.png\" \/>\n\t<meta property=\"og:image:width\" content=\"2000\" \/>\n\t<meta property=\"og:image:height\" content=\"2000\" \/>\n\t<meta property=\"og:image:type\" content=\"image\/png\" \/>\n<meta name=\"twitter:card\" content=\"summary_large_image\" \/>\n<script type=\"application\/ld+json\" class=\"yoast-schema-graph\">{\"@context\":\"https:\/\/schema.org\",\"@graph\":[{\"@type\":\"WebPage\",\"@id\":\"https:\/\/www.pandhys.be\/produit\/purifying-foam-powder-for-oily-trouble-skin-70-gpurifying-foam-powder-for-oily-trouble-skin-70-g\/\",\"url\":\"https:\/\/www.pandhys.be\/produit\/purifying-foam-powder-for-oily-trouble-skin-70-gpurifying-foam-powder-for-oily-trouble-skin-70-g\/\",\"name\":\"Purifying Foam-Powder for oily & trouble skin (70 g) - PANDHY\u2019S\u2122 BENELUX\",\"isPartOf\":{\"@id\":\"https:\/\/www.pandhys.be\/#website\"},\"primaryImageOfPage\":{\"@id\":\"https:\/\/www.pandhys.be\/produit\/purifying-foam-powder-for-oily-trouble-skin-70-gpurifying-foam-powder-for-oily-trouble-skin-70-g\/#primaryimage\"},\"image\":{\"@id\":\"https:\/\/www.pandhys.be\/produit\/purifying-foam-powder-for-oily-trouble-skin-70-gpurifying-foam-powder-for-oily-trouble-skin-70-g\/#primaryimage\"},\"thumbnailUrl\":\"https:\/\/www.pandhys.be\/wp-content\/uploads\/2016\/11\/Foam_Powder_Oily.png\",\"datePublished\":\"2016-11-16T07:03:21+00:00\",\"dateModified\":\"2025-10-15T23:00:20+00:00\",\"breadcrumb\":{\"@id\":\"https:\/\/www.pandhys.be\/produit\/purifying-foam-powder-for-oily-trouble-skin-70-gpurifying-foam-powder-for-oily-trouble-skin-70-g\/#breadcrumb\"},\"inLanguage\":\"fr-FR\",\"potentialAction\":[{\"@type\":\"ReadAction\",\"target\":[\"https:\/\/www.pandhys.be\/produit\/purifying-foam-powder-for-oily-trouble-skin-70-gpurifying-foam-powder-for-oily-trouble-skin-70-g\/\"]}]},{\"@type\":\"ImageObject\",\"inLanguage\":\"fr-FR\",\"@id\":\"https:\/\/www.pandhys.be\/produit\/purifying-foam-powder-for-oily-trouble-skin-70-gpurifying-foam-powder-for-oily-trouble-skin-70-g\/#primaryimage\",\"url\":\"https:\/\/www.pandhys.be\/wp-content\/uploads\/2016\/11\/Foam_Powder_Oily.png\",\"contentUrl\":\"https:\/\/www.pandhys.be\/wp-content\/uploads\/2016\/11\/Foam_Powder_Oily.png\",\"width\":2000,\"height\":2000},{\"@type\":\"BreadcrumbList\",\"@id\":\"https:\/\/www.pandhys.be\/produit\/purifying-foam-powder-for-oily-trouble-skin-70-gpurifying-foam-powder-for-oily-trouble-skin-70-g\/#breadcrumb\",\"itemListElement\":[{\"@type\":\"ListItem\",\"position\":1,\"name\":\"Home\",\"item\":\"https:\/\/www.pandhys.be\/fr\/\"},{\"@type\":\"ListItem\",\"position\":2,\"name\":\"Winkel\",\"item\":\"https:\/\/www.pandhys.be\/winkel\/\"},{\"@type\":\"ListItem\",\"position\":3,\"name\":\"Purifying Foam-Powder for oily &#038; trouble skin (70 g)\"}]},{\"@type\":\"WebSite\",\"@id\":\"https:\/\/www.pandhys.be\/#website\",\"url\":\"https:\/\/www.pandhys.be\/\",\"name\":\"PANDHY\u2019S\u2122 BENELUX\",\"description\":\"Groothandel in natuurcosmetica\",\"potentialAction\":[{\"@type\":\"SearchAction\",\"target\":{\"@type\":\"EntryPoint\",\"urlTemplate\":\"https:\/\/www.pandhys.be\/?s={search_term_string}\"},\"query-input\":{\"@type\":\"PropertyValueSpecification\",\"valueRequired\":true,\"valueName\":\"search_term_string\"}}],\"inLanguage\":\"fr-FR\"}]}<\/script>\n<!-- \/ Yoast SEO plugin. -->","yoast_head_json":{"title":"Purifying Foam-Powder for oily & trouble skin (70 g) - PANDHY\u2019S\u2122 BENELUX","robots":{"index":"index","follow":"follow","max-snippet":"max-snippet:-1","max-image-preview":"max-image-preview:large","max-video-preview":"max-video-preview:-1"},"canonical":"https:\/\/www.pandhys.be\/produit\/purifying-foam-powder-for-oily-trouble-skin-70-gpurifying-foam-powder-for-oily-trouble-skin-70-g\/","og_locale":"fr_FR","og_type":"article","og_title":"Purifying Foam-Powder for oily & trouble skin (70 g) - PANDHY\u2019S\u2122 BENELUX","og_description":"Une poudre enzymatique nettoyante pour les peaux \u00e0 probl\u00e8mes et \u00e0 tendance grasse. Sa formule contr\u00f4le la production excessive de s\u00e9bum, att\u00e9nue les points noirs visibles et l\u2019acn\u00e9 en \u00e9liminant les impuret\u00e9s.  Particuli\u00e8rement conseill\u00e9e aux jeunes pour un nettoyage quotidien du visage.  &nbsp;  Appliquez une petite quantit\u00e9 de poudre sur la paume de votre main humide et massez la mousse cr\u00e9meuse en formant des cercles sur le visage. Pour un nettoyage encore plus intense et pour une sensation agr\u00e9able, vous pouvez utiliser le pad nettoyant de massage de PANDHY\u2019S&#x2122;. Ce pad de massage vous procurera un effet de gommage. Pour les peaux qui souffrent d\u2019acn\u00e9, il est conseill\u00e9 de laisser reposer le nettoyant pendant quelques minutes avant de rincer \u00e0 l\u2019eau froide (le matin) et\/ou \u00e0 l\u2019eau chaude (le soir)  &nbsp;  ingr\u00e9dients (INCI) :  SORBITOL, AMIDON D\u2019ORYZA SATIVA, SODIUM LAUROYL GLUTAMATE, MALTODEXTRINE, ACIDE SALICYLIQUE, EXTRAIT DE PAPAYE, EXTRAIT D\u2019ANANAS, PAPA\u00cfNE","og_url":"https:\/\/www.pandhys.be\/produit\/purifying-foam-powder-for-oily-trouble-skin-70-gpurifying-foam-powder-for-oily-trouble-skin-70-g\/","og_site_name":"PANDHY\u2019S\u2122 BENELUX","article_modified_time":"2025-10-15T23:00:20+00:00","og_image":[{"width":2000,"height":2000,"url":"http:\/\/www.pandhys.be\/wp-content\/uploads\/2016\/11\/Foam_Powder_Oily.png","type":"image\/png"}],"twitter_card":"summary_large_image","schema":{"@context":"https:\/\/schema.org","@graph":[{"@type":"WebPage","@id":"https:\/\/www.pandhys.be\/produit\/purifying-foam-powder-for-oily-trouble-skin-70-gpurifying-foam-powder-for-oily-trouble-skin-70-g\/","url":"https:\/\/www.pandhys.be\/produit\/purifying-foam-powder-for-oily-trouble-skin-70-gpurifying-foam-powder-for-oily-trouble-skin-70-g\/","name":"Purifying Foam-Powder for oily & trouble skin (70 g) - PANDHY\u2019S\u2122 BENELUX","isPartOf":{"@id":"https:\/\/www.pandhys.be\/#website"},"primaryImageOfPage":{"@id":"https:\/\/www.pandhys.be\/produit\/purifying-foam-powder-for-oily-trouble-skin-70-gpurifying-foam-powder-for-oily-trouble-skin-70-g\/#primaryimage"},"image":{"@id":"https:\/\/www.pandhys.be\/produit\/purifying-foam-powder-for-oily-trouble-skin-70-gpurifying-foam-powder-for-oily-trouble-skin-70-g\/#primaryimage"},"thumbnailUrl":"https:\/\/www.pandhys.be\/wp-content\/uploads\/2016\/11\/Foam_Powder_Oily.png","datePublished":"2016-11-16T07:03:21+00:00","dateModified":"2025-10-15T23:00:20+00:00","breadcrumb":{"@id":"https:\/\/www.pandhys.be\/produit\/purifying-foam-powder-for-oily-trouble-skin-70-gpurifying-foam-powder-for-oily-trouble-skin-70-g\/#breadcrumb"},"inLanguage":"fr-FR","potentialAction":[{"@type":"ReadAction","target":["https:\/\/www.pandhys.be\/produit\/purifying-foam-powder-for-oily-trouble-skin-70-gpurifying-foam-powder-for-oily-trouble-skin-70-g\/"]}]},{"@type":"ImageObject","inLanguage":"fr-FR","@id":"https:\/\/www.pandhys.be\/produit\/purifying-foam-powder-for-oily-trouble-skin-70-gpurifying-foam-powder-for-oily-trouble-skin-70-g\/#primaryimage","url":"https:\/\/www.pandhys.be\/wp-content\/uploads\/2016\/11\/Foam_Powder_Oily.png","contentUrl":"https:\/\/www.pandhys.be\/wp-content\/uploads\/2016\/11\/Foam_Powder_Oily.png","width":2000,"height":2000},{"@type":"BreadcrumbList","@id":"https:\/\/www.pandhys.be\/produit\/purifying-foam-powder-for-oily-trouble-skin-70-gpurifying-foam-powder-for-oily-trouble-skin-70-g\/#breadcrumb","itemListElement":[{"@type":"ListItem","position":1,"name":"Home","item":"https:\/\/www.pandhys.be\/fr\/"},{"@type":"ListItem","position":2,"name":"Winkel","item":"https:\/\/www.pandhys.be\/winkel\/"},{"@type":"ListItem","position":3,"name":"Purifying Foam-Powder for oily &#038; trouble skin (70 g)"}]},{"@type":"WebSite","@id":"https:\/\/www.pandhys.be\/#website","url":"https:\/\/www.pandhys.be\/","name":"PANDHY\u2019S\u2122 BENELUX","description":"Groothandel in natuurcosmetica","potentialAction":[{"@type":"SearchAction","target":{"@type":"EntryPoint","urlTemplate":"https:\/\/www.pandhys.be\/?s={search_term_string}"},"query-input":{"@type":"PropertyValueSpecification","valueRequired":true,"valueName":"search_term_string"}}],"inLanguage":"fr-FR"}]}},"_links":{"self":[{"href":"https:\/\/www.pandhys.be\/fr\/wp-json\/wp\/v2\/product\/1764","targetHints":{"allow":["GET"]}}],"collection":[{"href":"https:\/\/www.pandhys.be\/fr\/wp-json\/wp\/v2\/product"}],"about":[{"href":"https:\/\/www.pandhys.be\/fr\/wp-json\/wp\/v2\/types\/product"}],"wp:featuredmedia":[{"embeddable":true,"href":"https:\/\/www.pandhys.be\/fr\/wp-json\/wp\/v2\/media\/25460"}],"wp:attachment":[{"href":"https:\/\/www.pandhys.be\/fr\/wp-json\/wp\/v2\/media?parent=1764"}],"wp:term":[{"taxonomy":"product_brand","embeddable":true,"href":"https:\/\/www.pandhys.be\/fr\/wp-json\/wp\/v2\/product_brand?post=1764"},{"taxonomy":"product_cat","embeddable":true,"href":"https:\/\/www.pandhys.be\/fr\/wp-json\/wp\/v2\/product_cat?post=1764"},{"taxonomy":"product_tag","embeddable":true,"href":"https:\/\/www.pandhys.be\/fr\/wp-json\/wp\/v2\/product_tag?post=1764"}],"curies":[{"name":"wp","href":"https:\/\/api.w.org\/{rel}","templated":true}]}}